{"id":1190,"date":"2023-12-07T13:57:46","date_gmt":"2023-12-07T13:57:46","guid":{"rendered":"https:\/\/www.prebiomics.com\/research-innovation\/eic-transition-prebiomicspmt\/"},"modified":"2026-03-24T14:24:46","modified_gmt":"2026-03-24T14:24:46","slug":"eic-transition-prebiomicspmt","status":"publish","type":"page","link":"https:\/\/www.prebiomics.com\/it\/ricerca-innovazione\/eic-transition-prebiomicspmt\/","title":{"rendered":"EIC Transition &#8211; PreBiomicsPMT\u2122"},"content":{"rendered":"<div class=\"wpb-content-wrapper\"><p>[vc_row row_height_percent=&#8221;0&#8243; override_padding=&#8221;yes&#8221; h_padding=&#8221;2&#8243; top_padding=&#8221;2&#8243; bottom_padding=&#8221;2&#8243; overlay_alpha=&#8221;50&#8243; gutter_size=&#8221;3&#8243; column_width_percent=&#8221;100&#8243; shift_y=&#8221;0&#8243; z_index=&#8221;0&#8243; uncode_shortcode_id=&#8221;511893&#8243;][vc_column column_width_percent=&#8221;100&#8243; position_horizontal=&#8221;left&#8221; gutter_size=&#8221;3&#8243; font_family=&#8221;font-186808&#8243; overlay_alpha=&#8221;50&#8243; shift_x=&#8221;0&#8243; shift_y=&#8221;0&#8243; shift_y_down=&#8221;0&#8243; z_index=&#8221;0&#8243; medium_width=&#8221;0&#8243; mobile_width=&#8221;0&#8243; width=&#8221;2\/3&#8243; uncode_shortcode_id=&#8221;106296&#8243;][uncode_breadcrumbs][vc_custom_heading text_font=&#8221;font-186808&#8243; uncode_shortcode_id=&#8221;905567&#8243;]EIC Transition &#8211; <strong>PreBiomicsPMT\u2122<\/strong>[\/vc_custom_heading][vc_custom_heading text_color=&#8221;color-210407&#8243; text_font=&#8221;font-186808&#8243; text_size=&#8221;h5&#8243; uncode_shortcode_id=&#8221;134966&#8243; text_color_type=&#8221;uncode-palette&#8221;]Progetto in corso[\/vc_custom_heading][vc_column_text uncode_shortcode_id=&#8221;666290&#8243;]<strong>IMPIANTI DENTALI: DIFFUSIONE E SFIDE CLINICHE<\/strong><br \/>\nGli impianti dentali sono una soluzione altamente efficace e ampiamente utilizzata nella moderna odontoiatria, con circa <strong>30 milioni di procedure eseguite a livello globale ogni anno<\/strong>. Il mercato globale degli impianti dentali \u00e8 stato valutato USD 5,11 miliardi nel 2025 e si prevede che raggiunger\u00e0 USD 9,39 miliardi entro il 2034, con una crescita annua costante (CAGR) superiore al 7%.<\/p>\n<p>Nonostante gli eccellenti risultati a lungo termine della terapia implantare, con <strong>tassi di sopravvivenza a 10 anni superiori al 95%<\/strong>, complicazioni tecniche e biologiche si verificano ancora in un numero significativo di casi. Tra queste, le malattie peri-implantari sono emerse come un importante problema clinico, con tassi di prevalenza comparabili a quelli delle malattie parodontali. Circa<strong> il 50% degli impianti dentali sviluppa mucosite peri-implantare<\/strong>, una condizione infiammatoria dei tessuti molli circostanti l\u2019impianto causata dall\u2019accumulo di placca batterica. Senza un intervento appropriato, la mucosite pu\u00f2 evolvere in <strong>peri-implantite<\/strong>, una malattia pi\u00f9 grave che coinvolge sia i tessuti molli che quelli duri e pu\u00f2 portare alla perdita dell\u2019impianto.<\/p>\n<p>Nonostante l\u2019elevata prevalenza di queste condizioni, i clinici affrontano ancora diverse limitazioni nella loro gestione. Attualmente, <strong>non esistono strumenti affidabili per valutare la gravit\u00e0 della malattia o prevederne la progressione<\/strong>, e nessun approccio terapeutico pu\u00f2 garantire la completa risoluzione della mucosite o della peri-implantite. Di conseguenza, i professionisti dentali mancano di <strong>protocolli terapeutici standardizzati<\/strong> da seguire.<\/p>\n<p><strong>IL PROGETTO PREBIOMICSPMT\u2122<\/strong><\/p>\n<p>Per affrontare questa sfida, il progetto <strong>PreBiomicsPMT\u2122<\/strong>, finanziato dall\u2019<strong>European Innovation Council (EIC) Transition Programme<\/strong> (Grant Agreement 101113004), si basa su diversi anni di ricerca condotta dal team PreBiomics sul ruolo del <strong>microbioma orale nelle malattie peri-implantari<\/strong> (<a href=\"https:\/\/www.prebiomics.com\/it\/ricerca-innovazione\/prebiomics-beta-program-2\/\" target=\"_blank\" rel=\"noopener\">PreBiomics Beta Program<\/a>, <a href=\"https:\/\/www.prebiomics.com\/it\/ricerca-innovazione\/erc-proof-of-concept-pb3p\/\" target=\"_blank\" rel=\"noopener\">ERC Proof of Concept \u2013 PB3P<\/a>). Attraverso studi approfonditi sul microbioma effettuati prima del progetto, i ricercatori di PreBiomics hanno identificato <strong>specifiche firme microbiche associate alla salute peri-implantare, all\u2019insorgenza della malattia e al rischio di progressione<\/strong>, fornendo importanti intuizioni biologiche sulle dinamiche microbiche alla base delle condizioni peri-implantari.<\/p>\n<p>Partendo da questa base scientifica, il progetto PreBiomicsPMT\u2122 \u00e8 stato avviato con l\u2019obiettivo di <strong>tradurre queste conoscenze in uno strumento clinico pratico<\/strong> che possa supportare i professionisti dentali nelle decisioni quotidiane. L\u2019obiettivo \u00e8 fornire ai clinici un sistema in grado non solo di supportare la diagnosi e il monitoraggio della malattia, ma anche di fornire<strong> raccomandazioni terapeutiche personalizzate basate sul profilo microbiologico di ciascun paziente<\/strong>, migliorando infine la gestione clinica e la longevit\u00e0 degli impianti dentali.<br \/>\nPer sviluppare questo sistema, \u00e8 stato condotto uno <strong>studio prospettico multicentrico su oltre 110 cliniche dentali<\/strong>. I clinici partecipanti hanno raccolto campioni di placca sottogengivale e saliva, insieme a dati clinici completi, in due momenti distinti: <strong>baseline e follow-up a 6 mesi<\/strong>. Questo approccio longitudinale \u00e8 stato essenziale per valutare l\u2019efficacia del trattamento e gli effetti della terapia sul microbioma peri-implantare nel tempo.<\/p>\n<p>Nel corso di due anni, i clinici hanno raccolto <strong>pi\u00f9 di 6.000 campioni biologici<\/strong>, creando i pi\u00f9 grandi dataset attualmente disponibili per lo studio dei microbiomi peri-implantari.<\/p>\n<p><strong>VERSO UNA GESTIONE PREDITTIVA E PERSONALIZZATA DEGLI IMPIANTI<\/strong><\/p>\n<p>L\u2019analisi dei dati clinici ha confermato le sfide associate alla gestione di queste malattie. Al follow-up a sei mesi, solo il <strong>44,9% dei pazienti con mucosite ha mostrato una completa risoluzione della malattia<\/strong>, mentre solo il <strong>19% dei pazienti con peri-implantite ha evidenziato un miglioramento clinico<\/strong>, risultati coerenti con la letteratura scientifica attuale. In pi\u00f9 della met\u00e0 dei casi in entrambi i gruppi, la condizione clinica \u00e8 rimasta stabile senza miglioramenti significativi rispetto alla diagnosi iniziale.<\/p>\n<p>Integrando <strong>informazioni cliniche, storia del paziente e dati metagenomici del microbioma<\/strong>, il team PreBiomics ha sviluppato un <strong>Sistema di Supporto alle Decisioni (SSD)<\/strong> in grado di generare una classifica delle opzioni terapeutiche basata sulla probabilit\u00e0 prevista di successo per ciascun paziente. Parallelamente, \u00e8 stata sviluppata una pipeline bioinformatica avanzata in grado di identificare <strong>geni di resistenza ad antibiotici e antisettici<\/strong> direttamente da campioni microbiomici complessi. Il sistema genera un <strong>resistance evidence report<\/strong> per i farmaci comunemente utilizzati in odontoiatria, aiutando i clinici a selezionare la terapia antimicrobica pi\u00f9 appropriata riducendo il rischio di trattamenti inefficaci.<\/p>\n<p>Con PreBiomicsPMT\u2122, le decisioni terapeutiche possono essere guidate non solo dall\u2019esperienza clinica o dalla gravit\u00e0 della malattia, ma anche dal <strong>profilo microbiologico individuale di ciascun paziente<\/strong>. Questo approccio aumenta la probabilit\u00e0 di successo terapeutico, promuove un uso pi\u00f9 responsabile degli antibiotici e contribuisce a una <strong>gestione a lungo termine pi\u00f9 efficace delle malattie peri-implantari<\/strong>.[\/vc_column_text][\/vc_column][vc_column width=&#8221;1\/3&#8243;][\/vc_column][\/vc_row][vc_row row_height_percent=&#8221;0&#8243; overlay_alpha=&#8221;50&#8243; gutter_size=&#8221;3&#8243; column_width_percent=&#8221;100&#8243; shift_y=&#8221;0&#8243; z_index=&#8221;0&#8243; uncode_shortcode_id=&#8221;253590&#8243;][vc_column width=&#8221;2\/3&#8243;][vc_custom_heading text_font=&#8221;font-186808&#8243; text_size=&#8221;h3&#8243; uncode_shortcode_id=&#8221;641836&#8243;]<strong>Lista dei partecipanti<\/strong>[\/vc_custom_heading][vc_single_image media=&#8221;1646&#8243; media_width_percent=&#8221;85&#8243; shape=&#8221;img-round&#8221; radius=&#8221;xl&#8221; uncode_shortcode_id=&#8221;138029&#8243;][vc_column_text uncode_shortcode_id=&#8221;128627&#8243;]Pi\u00f9 di <strong>110 cliniche dentali<\/strong> hanno partecipato al progetto PreBiomicsPMT\u2122, contribuendo alla raccolta di migliaia di <strong>cartelle cliniche e campioni biologici<\/strong> in due anni.<br \/>\nL\u2019entusiasmo, l\u2019impegno e la collaborazione dei clinici partecipanti sono stati <strong>essenziali per il successo del progetto<\/strong>. Il loro contributo ha reso possibile la costruzione di un <strong>dataset unico<\/strong> e ha svolto un ruolo chiave nello sviluppo di PreBiomicsPMT\u2122, aiutando a trasformare anni di ricerca sul microbioma condotta da PreBiomics in uno <strong>strumento pratico per migliorare la gestione delle malattie peri-implantari<\/strong>.<br \/>\nIl team PreBiomics \u00e8 sinceramente <strong>grato a tutte le cliniche che hanno partecipato<\/strong> allo studio per il loro supporto, la dedizione e la fiducia in questa iniziativa di ricerca.[\/vc_column_text][vc_accordion typography=&#8221;advanced&#8221; label_border=&#8221;yes&#8221; content_border=&#8221;yes&#8221; gutter_simple=&#8221;0&#8243; titles_font=&#8221;font-186808&#8243; titles_size=&#8221;h3&#8243; titles_weight=&#8221;700&#8243; uncode_shortcode_id=&#8221;119191&#8243;][vc_accordion_tab gutter_size=&#8221;2&#8243; column_padding=&#8221;2&#8243; title=&#8221;Lista delle cliniche&#8221; tab_id=&#8221;1705081495474-1-717743478249701774361659974&#8243;][vc_column_text uncode_shortcode_id=&#8221;200573&#8243;]<\/p>\n<ul>\n<li>PerioDental Studio Fabrizi Dott. Simone<\/li>\n<li>Centro medico odontoiatrico Torrisi<\/li>\n<li>Centro odontoiatrico Dott. Oreglia<\/li>\n<li>Cos &#8211; Centro Odontoiatrico Sforza<\/li>\n<li>Dott. Andrea Giammarini<\/li>\n<li>Martina Stefanini<\/li>\n<li>Microdental Dott. Giovanni Sammarco<\/li>\n<li>Poliambulatorio Gualini<\/li>\n<li>Studio Associato Tomasi Bottamedi Varotto<\/li>\n<li>Studio Cavalcanti e Venezia<\/li>\n<li>Studio dentistico associato Graiff Sivolella<\/li>\n<li>Studio Dentistico Barcelli<\/li>\n<li>Studio Dentistico Donati<\/li>\n<li>Studio Dentistico Dr Manfrini Francesca<\/li>\n<li>Studio Dr. Broseghini &amp; Dr. Dell&#8217;Acqua<\/li>\n<li>Studio Odontoiatrico ABC<\/li>\n<li>Studio odontoiatrico Piacentini<\/li>\n<li>Studio Masiero s.r.l.<\/li>\n<li>Zorzi dr. Thomas Odontoiatra<\/li>\n<li>Studio odontoiatrico Maurizio Lualdi<\/li>\n<li>STUDIO DENTISTICO DR. RUGGERI MARCO<\/li>\n<li>Studio dentistico Gasparini &amp; Villani<\/li>\n<li>Centro medico e dentale progetto sorriso<\/li>\n<li>Maia dentis<\/li>\n<li>Studio odontoiatrico Del Dot<\/li>\n<li>Studio associato Ghensi &amp; Varotto<\/li>\n<li>Studio odontoiatrico Dott. Stefano Danelli<\/li>\n<li>Studio dentistico Donati<\/li>\n<li>Studio Odontoiatrico Dott. Tommaso Cantoni<\/li>\n<li>Studio Odontoiatrico Colla<\/li>\n<li>Studio Dentistico Furri<\/li>\n<li>Studio Dentistico Associato Tobaldini Luciano e Tobaldini Alessia<\/li>\n<li>Studio dentistico &#8216;Del Dente<\/li>\n<li>Studio dentistico Vitali<\/li>\n<li>Studio dentistico Dott. Loris Sartori<\/li>\n<li>Studio Odontoiatrico Gatti<\/li>\n<li>In4 Studio Dentistico Associato-Dental Group<\/li>\n<li>Studio odontoiatrico Dott. Pompeo di Geronimo<\/li>\n<li>Studio dentistico Alberto Bassi<\/li>\n<li>Studio dentistico Bergo<\/li>\n<li>Giacomo Baima &#8211; Dental School Torino<\/li>\n<li>Simone Bossini<\/li>\n<li>Dental Friends<\/li>\n<li>Studio Dentistico Dr. Ceschini Massimiliano<\/li>\n<li>Anna Bevilacqua<\/li>\n<li>Studio Dentistico dott. Giovanni Manfrini<\/li>\n<li>Studio Fiorile<\/li>\n<li>Studio Dellasega<\/li>\n<li>Studio di Odontoiatria Dott. Graffer Dott. Sciacca<\/li>\n<li>Studio Giovannini<\/li>\n<li>Studio Odontoiatrico Alto Garda<\/li>\n<li>Studio odontoiatrico Dott. Marco Cinelli<\/li>\n<li>Studio Dentistico Pellegrini<\/li>\n<li>Universit\u00e0 degli studi di Pavia \/ Studio Dott. Franco Vezzoni<\/li>\n<li>Studio Mazzocco-Paniz<\/li>\n<li>Studio Dentistico Dott. D&#8217;Amore Giuseppe<\/li>\n<li>Clinica Cappellina<\/li>\n<li>Studio Dentistico Maria Gabriella Grusovin<\/li>\n<li>Studio Professionale di Igiene Orale<\/li>\n<li>DENTAL AESTHETIC Dr M. Nucci<\/li>\n<li>Studio De Mar &#8211; Clinica Odontoiatrica<\/li>\n<li>SAN GIORGIO DENTAL CLINIC<\/li>\n<li>Dott.ssa Stefania Morittu<\/li>\n<li>Dott. Stefano Granelli<\/li>\n<li>Clinica del Sorriso Thiene<\/li>\n<li>Studio Dentistico Majoni<\/li>\n<li>EGE UNIVERSITY<\/li>\n<li>Clinica odontoiatrica Dott. Condorelli<\/li>\n<li>Studio dentistico associato Blasi<\/li>\n<li>Studio Odontoiatrico Annarumma<\/li>\n<li>Studio di Odontoiatria dott. A. Coscarella<\/li>\n<li>Depalo srl<\/li>\n<li>Studio dentistico Grossi<\/li>\n<li>Iorio Siciliano Odontoiatrica stp srl<\/li>\n<li>Centro odontoiatrico Valsesia<\/li>\n<li>Studio dentistico Lanzafame<\/li>\n<li>Studio odontoiatrico Ruggeri<\/li>\n<li>Studio dentistico Viola<\/li>\n<li>Studio Beltempo<\/li>\n<li>Studio Tognetti<\/li>\n<li>Osigea Odontoiatria Roma<\/li>\n<li>Studio Odontoiatrico Associato Moufti<\/li>\n<li>ORIS TEAM SRL Studio Odontoiatrico<\/li>\n<li>Santagati &amp; Caggegi Odontoiatria SRL<\/li>\n<li>Studio Odontoiatrico Dr. Mariconti Claudio<\/li>\n<li>Studio Odontoiatrico Della Ciana Riccardo<\/li>\n<li>Studio dentistico Sassudelli<\/li>\n<li>Aemilia Medical Center<\/li>\n<li>Universit\u00e0 degli studi di Chieti<\/li>\n<li>Centro Avanguardia<\/li>\n<li>CSO centro specialistico odontoiatrico<\/li>\n<li>Centro odontoiatrico Humanis<\/li>\n<li>Studio dentistico Cusano Cardoni<\/li>\n<li>San Damiano Dental<\/li>\n<li>Paoli Dental Center<\/li>\n<li>Studio dentistico 32 Sens<\/li>\n<li>Studio De Mar (2) &#8211; Clinica Odontoiatrica<\/li>\n<li>Studio dentistico Belsorriso<\/li>\n<li>Studio dentistico Panella<\/li>\n<li>Studio Dentistico Mattara<\/li>\n<li>Marelli Health<\/li>\n<\/ul>\n<p>[\/vc_column_text][\/vc_accordion_tab][\/vc_accordion][vc_empty_space empty_h=&#8221;2&#8243;][vc_single_image media=&#8221;1448&#8243; media_width_percent=&#8221;50&#8243; uncode_shortcode_id=&#8221;545463&#8243;][vc_column_text text_lead=&#8221;small&#8221; uncode_shortcode_id=&#8221;204223&#8243;]<strong><em>Funded by the European Union. Views and opinions expressed are however those of the author(s) only and do not necessarily reflect those of the European Union. Neither the European Union nor the granting authority can be held responsible for them. <\/em><em>Grant Agreement n\u00b0 101113004.<\/em><\/strong>[\/vc_column_text][vc_empty_space empty_h=&#8221;2&#8243;][vc_button button_color=&#8221;color-jevc&#8221; size=&#8221;link&#8221; link=&#8221;url:https%3A%2F%2Fcordis.europa.eu%2Fproject%2Fid%2F101113004|target:_blank&#8221; button_color_type=&#8221;uncode-palette&#8221; uncode_shortcode_id=&#8221;972666&#8243; el_class=&#8221;btn-link&#8221;]Scopri di pi\u00f9 sul progetto[\/vc_button][vc_empty_space empty_h=&#8221;2&#8243;][\/vc_column][vc_column width=&#8221;1\/3&#8243;][\/vc_column][\/vc_row]<\/p>\n<\/div>","protected":false},"excerpt":{"rendered":"<p>Nell\u2019ambito del progetto PreBiomicsPMT\u2122, miriamo a fornire indicazioni terapeutiche personalizzate per ciascun paziente, basate sulla composizione batterica del microbioma della placca.<\/p>\n","protected":false},"author":1,"featured_media":0,"parent":1187,"menu_order":20,"comment_status":"closed","ping_status":"closed","template":"","meta":{"footnotes":""},"class_list":["post-1190","page","type-page","status-publish","hentry","page_category-researchinnovation-it"],"yoast_head":"<!-- This site is optimized with the Yoast SEO plugin v25.8 - https:\/\/yoast.com\/wordpress\/plugins\/seo\/ -->\n<title>EIC Transition \u2013 PreBiomicsPMT\u2122 | Strategie di benessere personalizzate nel campo del microbioma umano clinico<\/title>\n<meta name=\"robots\" content=\"index, follow, max-snippet:-1, max-image-preview:large, max-video-preview:-1\" \/>\n<link rel=\"canonical\" href=\"https:\/\/www.prebiomics.com\/it\/ricerca-innovazione\/eic-transition-prebiomicspmt\/\" \/>\n<meta property=\"og:locale\" content=\"it_IT\" \/>\n<meta property=\"og:type\" content=\"article\" \/>\n<meta property=\"og:title\" content=\"EIC Transition \u2013 PreBiomicsPMT\u2122 | Strategie di benessere personalizzate nel campo del microbioma umano clinico\" \/>\n<meta property=\"og:description\" content=\"Nell\u2019ambito del progetto PreBiomicsPMT\u2122, miriamo a fornire indicazioni terapeutiche personalizzate per ciascun paziente, basate sulla composizione batterica del microbioma della placca.\" \/>\n<meta property=\"og:url\" content=\"https:\/\/www.prebiomics.com\/it\/ricerca-innovazione\/eic-transition-prebiomicspmt\/\" \/>\n<meta property=\"og:site_name\" content=\"PreBiomics\" \/>\n<meta property=\"article:modified_time\" content=\"2026-03-24T14:24:46+00:00\" \/>\n<meta name=\"twitter:card\" content=\"summary_large_image\" \/>\n<meta name=\"twitter:label1\" content=\"Tempo di lettura stimato\" \/>\n\t<meta name=\"twitter:data1\" content=\"8 minuti\" \/>\n<script type=\"application\/ld+json\" class=\"yoast-schema-graph\">{\"@context\":\"https:\/\/schema.org\",\"@graph\":[{\"@type\":\"WebPage\",\"@id\":\"https:\/\/www.prebiomics.com\/it\/ricerca-innovazione\/eic-transition-prebiomicspmt\/\",\"url\":\"https:\/\/www.prebiomics.com\/it\/ricerca-innovazione\/eic-transition-prebiomicspmt\/\",\"name\":\"EIC Transition \u2013 PreBiomicsPMT\u2122 | Strategie di benessere personalizzate nel campo del microbioma umano clinico\",\"isPartOf\":{\"@id\":\"https:\/\/www.prebiomics.com\/#website\"},\"datePublished\":\"2023-12-07T13:57:46+00:00\",\"dateModified\":\"2026-03-24T14:24:46+00:00\",\"breadcrumb\":{\"@id\":\"https:\/\/www.prebiomics.com\/it\/ricerca-innovazione\/eic-transition-prebiomicspmt\/#breadcrumb\"},\"inLanguage\":\"it-IT\",\"potentialAction\":[{\"@type\":\"ReadAction\",\"target\":[\"https:\/\/www.prebiomics.com\/it\/ricerca-innovazione\/eic-transition-prebiomicspmt\/\"]}]},{\"@type\":\"BreadcrumbList\",\"@id\":\"https:\/\/www.prebiomics.com\/it\/ricerca-innovazione\/eic-transition-prebiomicspmt\/#breadcrumb\",\"itemListElement\":[{\"@type\":\"ListItem\",\"position\":1,\"name\":\"Ricerca e Innovazione\",\"item\":\"https:\/\/www.prebiomics.com\/it\/ricerca-innovazione\/\"},{\"@type\":\"ListItem\",\"position\":2,\"name\":\"EIC Transition &#8211; PreBiomicsPMT\u2122\"}]},{\"@type\":\"WebSite\",\"@id\":\"https:\/\/www.prebiomics.com\/#website\",\"url\":\"https:\/\/www.prebiomics.com\/\",\"name\":\"PreBiomics\",\"description\":\"Personalized wellness strategies in clinical human microbiome field\",\"potentialAction\":[{\"@type\":\"SearchAction\",\"target\":{\"@type\":\"EntryPoint\",\"urlTemplate\":\"https:\/\/www.prebiomics.com\/?s={search_term_string}\"},\"query-input\":{\"@type\":\"PropertyValueSpecification\",\"valueRequired\":true,\"valueName\":\"search_term_string\"}}],\"inLanguage\":\"it-IT\"}]}<\/script>\n<!-- \/ Yoast SEO plugin. -->","yoast_head_json":{"title":"EIC Transition \u2013 PreBiomicsPMT\u2122 | Strategie di benessere personalizzate nel campo del microbioma umano clinico","robots":{"index":"index","follow":"follow","max-snippet":"max-snippet:-1","max-image-preview":"max-image-preview:large","max-video-preview":"max-video-preview:-1"},"canonical":"https:\/\/www.prebiomics.com\/it\/ricerca-innovazione\/eic-transition-prebiomicspmt\/","og_locale":"it_IT","og_type":"article","og_title":"EIC Transition \u2013 PreBiomicsPMT\u2122 | Strategie di benessere personalizzate nel campo del microbioma umano clinico","og_description":"Nell\u2019ambito del progetto PreBiomicsPMT\u2122, miriamo a fornire indicazioni terapeutiche personalizzate per ciascun paziente, basate sulla composizione batterica del microbioma della placca.","og_url":"https:\/\/www.prebiomics.com\/it\/ricerca-innovazione\/eic-transition-prebiomicspmt\/","og_site_name":"PreBiomics","article_modified_time":"2026-03-24T14:24:46+00:00","twitter_card":"summary_large_image","twitter_misc":{"Tempo di lettura stimato":"8 minuti"},"schema":{"@context":"https:\/\/schema.org","@graph":[{"@type":"WebPage","@id":"https:\/\/www.prebiomics.com\/it\/ricerca-innovazione\/eic-transition-prebiomicspmt\/","url":"https:\/\/www.prebiomics.com\/it\/ricerca-innovazione\/eic-transition-prebiomicspmt\/","name":"EIC Transition \u2013 PreBiomicsPMT\u2122 | Strategie di benessere personalizzate nel campo del microbioma umano clinico","isPartOf":{"@id":"https:\/\/www.prebiomics.com\/#website"},"datePublished":"2023-12-07T13:57:46+00:00","dateModified":"2026-03-24T14:24:46+00:00","breadcrumb":{"@id":"https:\/\/www.prebiomics.com\/it\/ricerca-innovazione\/eic-transition-prebiomicspmt\/#breadcrumb"},"inLanguage":"it-IT","potentialAction":[{"@type":"ReadAction","target":["https:\/\/www.prebiomics.com\/it\/ricerca-innovazione\/eic-transition-prebiomicspmt\/"]}]},{"@type":"BreadcrumbList","@id":"https:\/\/www.prebiomics.com\/it\/ricerca-innovazione\/eic-transition-prebiomicspmt\/#breadcrumb","itemListElement":[{"@type":"ListItem","position":1,"name":"Ricerca e Innovazione","item":"https:\/\/www.prebiomics.com\/it\/ricerca-innovazione\/"},{"@type":"ListItem","position":2,"name":"EIC Transition &#8211; PreBiomicsPMT\u2122"}]},{"@type":"WebSite","@id":"https:\/\/www.prebiomics.com\/#website","url":"https:\/\/www.prebiomics.com\/","name":"PreBiomics","description":"Personalized wellness strategies in clinical human microbiome field","potentialAction":[{"@type":"SearchAction","target":{"@type":"EntryPoint","urlTemplate":"https:\/\/www.prebiomics.com\/?s={search_term_string}"},"query-input":{"@type":"PropertyValueSpecification","valueRequired":true,"valueName":"search_term_string"}}],"inLanguage":"it-IT"}]}},"_links":{"self":[{"href":"https:\/\/www.prebiomics.com\/it\/wp-json\/wp\/v2\/pages\/1190","targetHints":{"allow":["GET"]}}],"collection":[{"href":"https:\/\/www.prebiomics.com\/it\/wp-json\/wp\/v2\/pages"}],"about":[{"href":"https:\/\/www.prebiomics.com\/it\/wp-json\/wp\/v2\/types\/page"}],"author":[{"embeddable":true,"href":"https:\/\/www.prebiomics.com\/it\/wp-json\/wp\/v2\/users\/1"}],"replies":[{"embeddable":true,"href":"https:\/\/www.prebiomics.com\/it\/wp-json\/wp\/v2\/comments?post=1190"}],"version-history":[{"count":8,"href":"https:\/\/www.prebiomics.com\/it\/wp-json\/wp\/v2\/pages\/1190\/revisions"}],"predecessor-version":[{"id":1650,"href":"https:\/\/www.prebiomics.com\/it\/wp-json\/wp\/v2\/pages\/1190\/revisions\/1650"}],"up":[{"embeddable":true,"href":"https:\/\/www.prebiomics.com\/it\/wp-json\/wp\/v2\/pages\/1187"}],"wp:attachment":[{"href":"https:\/\/www.prebiomics.com\/it\/wp-json\/wp\/v2\/media?parent=1190"}],"curies":[{"name":"wp","href":"https:\/\/api.w.org\/{rel}","templated":true}]}}