{"id":1193,"date":"2023-11-21T10:11:28","date_gmt":"2023-11-21T10:11:28","guid":{"rendered":"https:\/\/www.prebiomics.com\/services\/"},"modified":"2026-03-24T10:48:39","modified_gmt":"2026-03-24T10:48:39","slug":"servizi-analisi-microbioma","status":"publish","type":"page","link":"https:\/\/www.prebiomics.com\/it\/servizi-analisi-microbioma\/","title":{"rendered":"Servizi"},"content":{"rendered":"<div class=\"wpb-content-wrapper\"><p>[vc_row unlock_row_content=&#8221;yes&#8221; row_height_percent=&#8221;50&#8243; back_color=&#8221;accent&#8221; back_image=&#8221;775&#8243; back_attachment=&#8221;scroll&#8221; back_position=&#8221;center center&#8221; kburns=&#8221;yes&#8221; overlay_color=&#8221;color-167537&#8243; overlay_alpha=&#8221;50&#8243; equal_height=&#8221;yes&#8221; gutter_size=&#8221;0&#8243; column_width_use_pixel=&#8221;yes&#8221; shift_y=&#8221;0&#8243; z_index=&#8221;0&#8243; row_name=&#8221;Welcome&#8221; uncode_shortcode_id=&#8221;428973&#8243; back_color_type=&#8221;uncode-palette&#8221; overlay_color_type=&#8221;uncode-palette&#8221;][vc_column column_width_percent=&#8221;100&#8243; position_horizontal=&#8221;left&#8221; position_vertical=&#8221;bottom&#8221; gutter_size=&#8221;3&#8243; style=&#8221;dark&#8221; font_family=&#8221;font-186808&#8243; overlay_alpha=&#8221;50&#8243; shift_x=&#8221;0&#8243; shift_y=&#8221;0&#8243; shift_y_down=&#8221;0&#8243; z_index=&#8221;0&#8243; medium_width=&#8221;0&#8243; mobile_width=&#8221;0&#8243; width=&#8221;1\/1&#8243; uncode_shortcode_id=&#8221;222057&#8243;][vc_row_inner row_inner_height_percent=&#8221;0&#8243; overlay_alpha=&#8221;50&#8243; gutter_size=&#8221;3&#8243; shift_y=&#8221;0&#8243; z_index=&#8221;0&#8243; uncode_shortcode_id=&#8221;871835&#8243;][vc_column_inner column_width_percent=&#8221;50&#8243; position_horizontal=&#8221;left&#8221; position_vertical=&#8221;bottom&#8221; gutter_size=&#8221;3&#8243; style=&#8221;dark&#8221; font_family=&#8221;font-186808&#8243; overlay_alpha=&#8221;50&#8243; shift_x=&#8221;0&#8243; shift_y=&#8221;0&#8243; shift_y_down=&#8221;0&#8243; z_index=&#8221;0&#8243; align_medium=&#8221;align_left_tablet&#8221; medium_width=&#8221;6&#8243; align_mobile=&#8221;align_left_mobile&#8221; mobile_width=&#8221;7&#8243; width=&#8221;5\/6&#8243; uncode_shortcode_id=&#8221;117481&#8243;][vc_custom_heading heading_semantic=&#8221;h1&#8243; text_font=&#8221;font-186808&#8243; text_size=&#8221;h1&#8243; uncode_shortcode_id=&#8221;707768&#8243;]Servizi[\/vc_custom_heading][vc_column_text text_color=&#8221;color-xsdn&#8221; uncode_shortcode_id=&#8221;165701&#8243; text_color_type=&#8221;uncode-palette&#8221;]<b>Mettiamo a disposizione le competenze avanzate del nostro team per offrire servizi NGS e analisi bioinformatiche all&#8217;avanguardia a universit\u00e0, centri di ricerca ed aziende.<br \/>\n<\/b>[\/vc_column_text][\/vc_column_inner][vc_column_inner column_width_use_pixel=&#8221;yes&#8221; position_horizontal=&#8221;right&#8221; position_vertical=&#8221;bottom&#8221; align_horizontal=&#8221;align_right&#8221; gutter_size=&#8221;3&#8243; font_family=&#8221;font-186808&#8243; overlay_alpha=&#8221;50&#8243; shift_x=&#8221;0&#8243; shift_y=&#8221;0&#8243; shift_y_down=&#8221;0&#8243; z_index=&#8221;0&#8243; align_medium=&#8221;align_right_tablet&#8221; medium_width=&#8221;1&#8243; mobile_visibility=&#8221;yes&#8221; align_mobile=&#8221;align_right_mobile&#8221; mobile_width=&#8221;0&#8243; width=&#8221;1\/6&#8243; uncode_shortcode_id=&#8221;180323&#8243; column_width_pixel=&#8221;65&#8243;][vc_single_image media=&#8221;71&#8243; media_width_percent=&#8221;100&#8243; alignment=&#8221;right&#8221; uncode_shortcode_id=&#8221;871672&#8243;][\/vc_column_inner][\/vc_row_inner][\/vc_column][\/vc_row][vc_row row_height_percent=&#8221;0&#8243; override_padding=&#8221;yes&#8221; h_padding=&#8221;2&#8243; top_padding=&#8221;3&#8243; bottom_padding=&#8221;2&#8243; overlay_alpha=&#8221;50&#8243; gutter_size=&#8221;3&#8243; column_width_percent=&#8221;100&#8243; shift_y=&#8221;0&#8243; z_index=&#8221;0&#8243; uncode_shortcode_id=&#8221;196746&#8243; row_name=&#8221;Metatranscriptomics&#8221;][vc_column column_width_percent=&#8221;100&#8243; gutter_size=&#8221;3&#8243; font_family=&#8221;font-186808&#8243; back_color=&#8221;color-lxmt&#8221; overlay_alpha=&#8221;50&#8243; radius=&#8221;xl&#8221; shift_x=&#8221;0&#8243; shift_y=&#8221;0&#8243; shift_y_down=&#8221;0&#8243; z_index=&#8221;0&#8243; medium_width=&#8221;0&#8243; mobile_width=&#8221;0&#8243; width=&#8221;1\/1&#8243; uncode_shortcode_id=&#8221;178667&#8243; back_color_type=&#8221;uncode-palette&#8221;][vc_custom_heading text_font=&#8221;font-186808&#8243; text_size=&#8221;h3&#8243; uncode_shortcode_id=&#8221;139125&#8243;]<strong>Next Generation Sequencing (NGS)<\/strong>[\/vc_custom_heading][vc_column_text uncode_shortcode_id=&#8221;143175&#8243;]<span style=\"font-weight: 400;\">I nostri servizi NGS includono opzioni standard e <\/span><b>personalizzate<\/b><span style=\"font-weight: 400;\">, dalla fase di estrazione del DNA al sequenziamento fino all&#8217;analisi bioinformatica per metagenomica, metatrascrittomica, <\/span><i><span style=\"font-weight: 400;\">Whole Genome Sequencing<\/span><\/i><span style=\"font-weight: 400;\"> (WGS) e <\/span><i><span style=\"font-weight: 400;\">Whole Exome Sequencing<\/span><\/i><span style=\"font-weight: 400;\"> (WES), offrendo ai nostri clienti la flessibilit\u00e0 di scegliere tra diverse strategie di sequenziamento su misura per le loro specifiche applicazioni di ricerca. Utilizziamo le pi\u00f9 recenti piattaforme NGS per il sequenziamento tramite <\/span><b><i>short-<\/i><\/b><span style=\"font-weight: 400;\"> e <\/span><b><i>long-reads<\/i><\/b><span style=\"font-weight: 400;\">, garantendo dati di massima qualit\u00e0. <\/span><span style=\"font-weight: 400;\">Il nostro team collabora strettamente con i ricercatori su progetti caraterizzati anche da campioni di natura complessa o che richiedono approcci personalizzati per il sequenziamento e l&#8217;analisi dei dati, fornendo i migliori risultati per supportare gli obiettivi di ricerca di ogni cliente. Le nostre<\/span> <b><i>pipeline <\/i><\/b><b>di analisi<\/b><b><i> open-source<\/i><\/b><span style=\"font-weight: 400;\"> permettono una completa trasparenza e garantiscono i pi\u00f9 elevati standard di accuratezza, flessibilit\u00e0 e scalabilit\u00e0. Questo approccio assicura dati affidabili e favorisce la collaborazione, consentendo ai nostri clienti di raggiungere <\/span><b>risultati solidi<\/b><span style=\"font-weight: 400;\"> e <\/span><b>riproducibili<\/b><span style=\"font-weight: 400;\">, essenziali per una ricerca scientifica di alto livello.<\/span>[\/vc_column_text][\/vc_column][\/vc_row][vc_row row_height_percent=&#8221;0&#8243; override_padding=&#8221;yes&#8221; h_padding=&#8221;2&#8243; top_padding=&#8221;2&#8243; bottom_padding=&#8221;2&#8243; overlay_alpha=&#8221;50&#8243; gutter_size=&#8221;3&#8243; column_width_percent=&#8221;100&#8243; shift_y=&#8221;0&#8243; z_index=&#8221;0&#8243; uncode_shortcode_id=&#8221;140919&#8243; row_name=&#8221;Metagenomics&#8221;][vc_column column_width_percent=&#8221;100&#8243; gutter_size=&#8221;3&#8243; font_family=&#8221;font-186808&#8243; back_color=&#8221;color-lxmt&#8221; overlay_alpha=&#8221;50&#8243; radius=&#8221;xl&#8221; shift_x=&#8221;0&#8243; shift_y=&#8221;0&#8243; shift_y_down=&#8221;0&#8243; z_index=&#8221;0&#8243; medium_width=&#8221;0&#8243; mobile_width=&#8221;0&#8243; width=&#8221;1\/2&#8243; uncode_shortcode_id=&#8221;707407&#8243; back_color_type=&#8221;uncode-palette&#8221;][vc_custom_heading text_font=&#8221;font-186808&#8243; text_size=&#8221;h3&#8243; uncode_shortcode_id=&#8221;145152&#8243;]<strong>Metagenomica<\/strong>[\/vc_custom_heading][vc_column_text uncode_shortcode_id=&#8221;337321&#8243;]La metagenomica shotgun offre una visione completa della <strong>comunit\u00e0 microbica<\/strong> presente in un ecosistema specifico. Il nostro servizio utilizza tecnologie di sequenziamento e software all&#8217;avanguardia per <strong>identificare e caratterizzare una vasta gamma di batteri, virus, funghi e altri microrganismi, sia noti che sconosciuti<\/strong>, definendo le loro capacit\u00e0 funzionali, le interazioni e il loro potenziale impatto sulla salute o su specifiche applicazioni.[\/vc_column_text][\/vc_column][vc_column column_width_percent=&#8221;100&#8243; gutter_size=&#8221;3&#8243; font_family=&#8221;font-186808&#8243; back_color=&#8221;color-lxmt&#8221; overlay_alpha=&#8221;50&#8243; radius=&#8221;xl&#8221; shift_x=&#8221;0&#8243; shift_y=&#8221;0&#8243; shift_y_down=&#8221;0&#8243; z_index=&#8221;0&#8243; medium_width=&#8221;0&#8243; mobile_width=&#8221;0&#8243; width=&#8221;1\/2&#8243; uncode_shortcode_id=&#8221;196228&#8243; back_color_type=&#8221;uncode-palette&#8221;][vc_custom_heading text_font=&#8221;font-186808&#8243; text_size=&#8221;h3&#8243; uncode_shortcode_id=&#8221;135307&#8243;]<strong>Metatrascrittomica<\/strong>[\/vc_custom_heading][vc_column_text uncode_shortcode_id=&#8221;336743&#8243;]La metatrascrittomica esplora il mondo dell&#8217;espressione genica all&#8217;interno delle comunit\u00e0 microbiche, rivelando in tempo reale le funzioni e le attivit\u00e0 di questi microrganismi. Questo tipo di analisi fornisce importanti informazioni sulle interazioni e sull\u2019adattamento dei microbi al loro ambiente. Il nostro servizio di sequenziamento di metatrascrittomica permette una <strong>comprensione pi\u00f9 approfondita delle funzioni e dei pathway microbici in vari contesti<\/strong>, inclusi settori come sanit\u00e0, studi ambientali, biotecnologie e altro ancora. Questo favorisce lo sviluppo di applicazioni che sfruttano il potenziale dell&#8217;espressione genica in sistemi biologici complessi.[\/vc_column_text][\/vc_column][\/vc_row][vc_row row_height_percent=&#8221;0&#8243; override_padding=&#8221;yes&#8221; h_padding=&#8221;2&#8243; top_padding=&#8221;2&#8243; bottom_padding=&#8221;2&#8243; overlay_alpha=&#8221;50&#8243; gutter_size=&#8221;3&#8243; column_width_percent=&#8221;100&#8243; shift_y=&#8221;0&#8243; z_index=&#8221;0&#8243; uncode_shortcode_id=&#8221;172453&#8243; row_name=&#8221;Metatranscriptomics&#8221;][vc_column column_width_percent=&#8221;100&#8243; gutter_size=&#8221;3&#8243; font_family=&#8221;font-186808&#8243; back_color=&#8221;color-lxmt&#8221; overlay_alpha=&#8221;50&#8243; radius=&#8221;xl&#8221; shift_x=&#8221;0&#8243; shift_y=&#8221;0&#8243; shift_y_down=&#8221;0&#8243; z_index=&#8221;0&#8243; medium_width=&#8221;0&#8243; mobile_width=&#8221;0&#8243; width=&#8221;1\/2&#8243; uncode_shortcode_id=&#8221;178667&#8243; back_color_type=&#8221;uncode-palette&#8221;][vc_custom_heading text_font=&#8221;font-186808&#8243; text_size=&#8221;h3&#8243; uncode_shortcode_id=&#8221;181414&#8243;]<strong>Whole Genome Sequencing (WGS)<\/strong>[\/vc_custom_heading][vc_column_text uncode_shortcode_id=&#8221;196990&#8243;]I nostri servizi di <strong><em>Whole Genome Sequencing (WGS)<\/em><\/strong> possono essere applicati in diversi campi di studio, dalla biologia evolutiva alla ricerca biomedica. Questa metodologia \u00e8 efficiente e conveniente, ideale per lo studio dei genomi di organismi pi\u00f9 comuni e per l\u2019identificazione di specifiche variazioni genetiche. Inoltre, il nostro servizio di sequenziamento <em><strong>de novo<\/strong><\/em> permette l\u2019assemblaggio e l\u2019annotazione di genomi appartenenti a specie non ancora caratterizzate o per le quali i genomi di riferimento disponibili risultano incompleti. Questo approccio consente di ricostruire sequenze genetiche lunghe e contigue in modo indipendente, senza dover fare affidamento su un genoma di riferimento preesistente.[\/vc_column_text][\/vc_column][vc_column column_width_percent=&#8221;100&#8243; gutter_size=&#8221;3&#8243; font_family=&#8221;font-186808&#8243; back_color=&#8221;color-lxmt&#8221; overlay_alpha=&#8221;50&#8243; radius=&#8221;xl&#8221; shift_x=&#8221;0&#8243; shift_y=&#8221;0&#8243; shift_y_down=&#8221;0&#8243; z_index=&#8221;0&#8243; medium_width=&#8221;0&#8243; mobile_width=&#8221;0&#8243; width=&#8221;1\/2&#8243; uncode_shortcode_id=&#8221;148027&#8243; back_color_type=&#8221;uncode-palette&#8221;][vc_custom_heading text_font=&#8221;font-186808&#8243; text_size=&#8221;h3&#8243; uncode_shortcode_id=&#8221;484633&#8243;]<strong>Analisi dei dati<\/strong>[\/vc_custom_heading][vc_accordion typography=&#8221;advanced&#8221; label_border=&#8221;yes&#8221; content_border=&#8221;yes&#8221; title_padding=&#8221;yes&#8221; gutter_simple=&#8221;0&#8243; no_h_padding=&#8221;yes&#8221; titles_font=&#8221;font-186808&#8243; titles_size=&#8221;h4&#8243; titles_weight=&#8221;700&#8243; uncode_shortcode_id=&#8221;113601&#8243; active_tab=&#8221;0&#8243;][vc_accordion_tab gutter_size=&#8221;2&#8243; column_padding=&#8221;2&#8243; title=&#8221;Profilazione microbica strain-level&#8221; tab_id=&#8221;1702458291-1-961705401959167170954060542517321866502501732186674712&#8243;][vc_column_text uncode_shortcode_id=&#8221;145670&#8243;]<span data-sheets-root=\"1\" data-sheets-value=\"{&quot;1&quot;:2,&quot;2&quot;:&quot;Nelle comunit\u00e0 microbiche, i singoli ceppi sono fondamentali per determinarne le capacit\u00e0 funzionali. Utilizziamo i software pi\u00f9 avanzati per caratterizzare geneticamente e funzionalmente le specie microbiche, adottando sia approcci metagenomici \u201cassembly-based\u201d che \u201cassembly-free\u201d. Grazie alla nostra pipeline bioinformatica siamo in grado di esplorare in dettaglio le comunit\u00e0 microbiche, individuando associazioni tra singoli ceppi e diverse condizioni di salute o fenotipi, nonch\u00e9 a caratterizzare l'evoluzione e la trasmissione dei ceppi microbici.&quot;}\" data-sheets-userformat=\"{&quot;2&quot;:8961,&quot;3&quot;:{&quot;1&quot;:0},&quot;11&quot;:4,&quot;12&quot;:0,&quot;16&quot;:10}\">Nelle comunit\u00e0 microbiche, i singoli ceppi sono fondamentali per determinarne le capacit\u00e0 funzionali. Utilizziamo i software pi\u00f9 avanzati per caratterizzare geneticamente e funzionalmente le specie microbiche, adottando sia approcci metagenomici \u201cassembly-based\u201d che \u201cassembly-free\u201d. Grazie alla nostra pipeline bioinformatica siamo in grado di esplorare in dettaglio le comunit\u00e0 microbiche, individuando associazioni tra singoli ceppi e diverse condizioni di salute o fenotipi, nonch\u00e9 a caratterizzare l&#8217;evoluzione e la trasmissione dei ceppi microbici.<\/span>[\/vc_column_text][\/vc_accordion_tab][vc_accordion_tab gutter_size=&#8221;2&#8243; column_padding=&#8221;2&#8243; title=&#8221;Profilazione funzionale microbica&#8221; tab_id=&#8221;1702458291-2-431705401959167170954060542517321866502501732186674712&#8243;][vc_column_text uncode_shortcode_id=&#8221;163837&#8243;]<span data-sheets-root=\"1\" data-sheets-value=\"{&quot;1&quot;:2,&quot;2&quot;:&quot;Il profilo funzionale microbico mira a descrivere il potenziale di una comunit\u00e0 microbica e dei suoi singoli membri. Grazie all\u2019impiego dei pi\u00f9 recenti strumenti computazionali disponibili, siamo in grado di tracciare un profilo dei pathway microbici e della loro abbondanza all'interno di una comunit\u00e0, in modo efficiente e accurato, basandoci sui risultati del sequenziamento sia della metagenomica che della metatrascrittomica.&quot;}\" data-sheets-userformat=\"{&quot;2&quot;:8961,&quot;3&quot;:{&quot;1&quot;:0},&quot;11&quot;:4,&quot;12&quot;:0,&quot;16&quot;:10}\">Il profilo funzionale microbico mira a descrivere il potenziale di una comunit\u00e0 microbica e dei suoi singoli membri. Grazie all\u2019impiego dei pi\u00f9 recenti strumenti computazionali disponibili, siamo in grado di tracciare un profilo dei pathway microbici e della loro abbondanza all&#8217;interno di una comunit\u00e0, in modo efficiente e accurato, basandoci sui risultati del sequenziamento sia della metagenomica che della metatrascrittomica.<\/span>[\/vc_column_text][\/vc_accordion_tab][vc_accordion_tab gutter_size=&#8221;2&#8243; column_padding=&#8221;2&#8243; title=&#8221;Machine learning e identificazione di biomarcatori&#8221; tab_id=&#8221;1702458734888-2-81705401959167170954060542517321866502501732186674712&#8243;][vc_column_text uncode_shortcode_id=&#8221;139092&#8243;]Il machine learning riveste un ruolo fondamentale e in costante sviluppo nell\u2019ambito della metagenomica, dove viene impiegato per diversi scopi, tra cui l\u2019associazione tra le caratteristiche del microbioma umano e i fenotipi dell\u2019ospite o la presenza di malattie complesse. I metodi di machine learning spesso impiegati nella ricerca clinica e di base comprendono la classificazione, la regressione e il clustering, nonch\u00e8 l\u2019identificazione di biomarcatori specifici per diversi gruppi di interesse che risulta essere cruciale nell\u2019ambito della ricerca clinica.<br \/>\nUtilizziamo algoritmi di apprendimento automatico personalizzati e analisi dei biomarcatori per progetti di metagenomica e metatrascrittomica.[\/vc_column_text][\/vc_accordion_tab][vc_accordion_tab gutter_size=&#8221;2&#8243; column_padding=&#8221;2&#8243; title=&#8221;Analisi dei geni di antibiotico-resistenza&#8221; tab_id=&#8221;1702458772301-3-91705401959167170954060542517321866502501732186674712&#8243;][vc_column_text uncode_shortcode_id=&#8221;782300&#8243;]<span data-sheets-root=\"1\" data-sheets-value=\"{&quot;1&quot;:2,&quot;2&quot;:&quot;La crescente diffusione globale della resistenza antimicrobica rappresenta una delle principali preoccupazioni, rendendo la ricerca dei geni di resistenza agli antibiotici tra le comunit\u00e0 microbiche un\u2019area di notevole interesse. Offriamo una soluzione per identificare i geni AMR utilizzando database aggiornati e algoritmi avanzati, al fine di ottenere informazioni riguardo alla prevalenza e all'abbondanza relativa di tali geni.&quot;}\" data-sheets-userformat=\"{&quot;2&quot;:8961,&quot;3&quot;:{&quot;1&quot;:0},&quot;11&quot;:4,&quot;12&quot;:0,&quot;16&quot;:10}\">La crescente diffusione globale della resistenza antimicrobica rappresenta una delle principali preoccupazioni, rendendo la ricerca dei geni di resistenza agli antibiotici tra le comunit\u00e0 microbiche un\u2019area di notevole interesse. Offriamo una soluzione per identificare i geni AMR utilizzando database aggiornati e algoritmi avanzati, al fine di ottenere informazioni riguardo alla prevalenza e all&#8217;abbondanza relativa di tali geni.<\/span>[\/vc_column_text][\/vc_accordion_tab][\/vc_accordion][\/vc_column][\/vc_row][vc_row row_height_percent=&#8221;0&#8243; override_padding=&#8221;yes&#8221; h_padding=&#8221;2&#8243; top_padding=&#8221;2&#8243; bottom_padding=&#8221;2&#8243; overlay_alpha=&#8221;50&#8243; gutter_size=&#8221;3&#8243; column_width_percent=&#8221;100&#8243; shift_y=&#8221;0&#8243; z_index=&#8221;0&#8243; uncode_shortcode_id=&#8221;172453&#8243; row_name=&#8221;Metatranscriptomics&#8221;][vc_column column_width_percent=&#8221;100&#8243; gutter_size=&#8221;3&#8243; font_family=&#8221;font-186808&#8243; back_color=&#8221;color-lxmt&#8221; overlay_alpha=&#8221;50&#8243; radius=&#8221;xl&#8221; shift_x=&#8221;0&#8243; shift_y=&#8221;0&#8243; shift_y_down=&#8221;0&#8243; z_index=&#8221;0&#8243; medium_width=&#8221;0&#8243; mobile_width=&#8221;0&#8243; width=&#8221;1\/1&#8243; uncode_shortcode_id=&#8221;178667&#8243; back_color_type=&#8221;uncode-palette&#8221;][vc_custom_heading text_font=&#8221;font-186808&#8243; text_size=&#8221;h3&#8243; uncode_shortcode_id=&#8221;134534&#8243;]<strong>Design di progetti di ricerca e sviluppo e studi clinici<\/strong>[\/vc_custom_heading][vc_column_text uncode_shortcode_id=&#8221;484571&#8243;]Forniamo soluzioni su misura per ottimizzare i protocolli di studio, garantendo l\u2019uso di metodi validati, efficienza e conformit\u00e0 agli standard normativi. Dallo sviluppo del protocollo e la pianificazione dell&#8217;analisi statistica alla selezione degli endpoint e la valutazione del rischio, <strong>i nostri servizi sono realizzati per migliorare la qualit\u00e0 e il successo dei vostri progetti di ricerca e sviluppo<\/strong>.[\/vc_column_text][\/vc_column][\/vc_row]<\/p>\n<\/div>","protected":false},"excerpt":{"rendered":"<p>[vc_row unlock_row_content=&#8221;yes&#8221; row_height_percent=&#8221;50&#8243; back_color=&#8221;accent&#8221; back_image=&#8221;775&#8243; back_attachment=&#8221;scroll&#8221; back_position=&#8221;center center&#8221; kburns=&#8221;yes&#8221; overlay_color=&#8221;color-167537&#8243; overlay_alpha=&#8221;50&#8243; equal_height=&#8221;yes&#8221; gutter_size=&#8221;0&#8243; column_width_use_pixel=&#8221;yes&#8221; shift_y=&#8221;0&#8243; z_index=&#8221;0&#8243; row_name=&#8221;Welcome&#8221; uncode_shortcode_id=&#8221;428973&#8243; back_color_type=&#8221;uncode-palette&#8221; overlay_color_type=&#8221;uncode-palette&#8221;][vc_column [&hellip;]<\/p>\n","protected":false},"author":1,"featured_media":0,"parent":0,"menu_order":60,"comment_status":"closed","ping_status":"closed","template":"","meta":{"footnotes":""},"class_list":["post-1193","page","type-page","status-publish","hentry"],"yoast_head":"<!-- This site is optimized with the Yoast SEO plugin v25.8 - https:\/\/yoast.com\/wordpress\/plugins\/seo\/ -->\n<title>Servizio analisi del microbioma, Analisi metagenomica e Sequenziamento DNA<\/title>\n<meta name=\"robots\" content=\"index, follow, max-snippet:-1, max-image-preview:large, max-video-preview:-1\" \/>\n<link rel=\"canonical\" href=\"https:\/\/www.prebiomics.com\/it\/servizi-analisi-microbioma\/\" \/>\n<meta property=\"og:locale\" content=\"it_IT\" \/>\n<meta property=\"og:type\" content=\"article\" \/>\n<meta property=\"og:title\" content=\"Servizio analisi del microbioma, Analisi metagenomica e Sequenziamento DNA\" \/>\n<meta property=\"og:description\" content=\"[vc_row unlock_row_content=&#8221;yes&#8221; row_height_percent=&#8221;50&#8243; back_color=&#8221;accent&#8221; back_image=&#8221;775&#8243; back_attachment=&#8221;scroll&#8221; back_position=&#8221;center center&#8221; kburns=&#8221;yes&#8221; overlay_color=&#8221;color-167537&#8243; overlay_alpha=&#8221;50&#8243; equal_height=&#8221;yes&#8221; gutter_size=&#8221;0&#8243; column_width_use_pixel=&#8221;yes&#8221; shift_y=&#8221;0&#8243; z_index=&#8221;0&#8243; row_name=&#8221;Welcome&#8221; uncode_shortcode_id=&#8221;428973&#8243; back_color_type=&#8221;uncode-palette&#8221; overlay_color_type=&#8221;uncode-palette&#8221;][vc_column [&hellip;]\" \/>\n<meta property=\"og:url\" content=\"https:\/\/www.prebiomics.com\/it\/servizi-analisi-microbioma\/\" \/>\n<meta property=\"og:site_name\" content=\"PreBiomics\" \/>\n<meta property=\"article:modified_time\" content=\"2026-03-24T10:48:39+00:00\" \/>\n<meta name=\"twitter:card\" content=\"summary_large_image\" \/>\n<meta name=\"twitter:label1\" content=\"Tempo di lettura stimato\" \/>\n\t<meta name=\"twitter:data1\" content=\"6 minuti\" \/>\n<script type=\"application\/ld+json\" class=\"yoast-schema-graph\">{\"@context\":\"https:\/\/schema.org\",\"@graph\":[{\"@type\":\"WebPage\",\"@id\":\"https:\/\/www.prebiomics.com\/it\/servizi-analisi-microbioma\/\",\"url\":\"https:\/\/www.prebiomics.com\/it\/servizi-analisi-microbioma\/\",\"name\":\"Servizio analisi del microbioma, Analisi metagenomica e Sequenziamento DNA\",\"isPartOf\":{\"@id\":\"https:\/\/www.prebiomics.com\/#website\"},\"datePublished\":\"2023-11-21T10:11:28+00:00\",\"dateModified\":\"2026-03-24T10:48:39+00:00\",\"inLanguage\":\"it-IT\",\"potentialAction\":[{\"@type\":\"ReadAction\",\"target\":[\"https:\/\/www.prebiomics.com\/it\/servizi-analisi-microbioma\/\"]}]},{\"@type\":\"WebSite\",\"@id\":\"https:\/\/www.prebiomics.com\/#website\",\"url\":\"https:\/\/www.prebiomics.com\/\",\"name\":\"PreBiomics\",\"description\":\"Personalized wellness strategies in clinical human microbiome field\",\"potentialAction\":[{\"@type\":\"SearchAction\",\"target\":{\"@type\":\"EntryPoint\",\"urlTemplate\":\"https:\/\/www.prebiomics.com\/?s={search_term_string}\"},\"query-input\":{\"@type\":\"PropertyValueSpecification\",\"valueRequired\":true,\"valueName\":\"search_term_string\"}}],\"inLanguage\":\"it-IT\"}]}<\/script>\n<!-- \/ Yoast SEO plugin. -->","yoast_head_json":{"title":"Servizio analisi del microbioma, Analisi metagenomica e Sequenziamento DNA","robots":{"index":"index","follow":"follow","max-snippet":"max-snippet:-1","max-image-preview":"max-image-preview:large","max-video-preview":"max-video-preview:-1"},"canonical":"https:\/\/www.prebiomics.com\/it\/servizi-analisi-microbioma\/","og_locale":"it_IT","og_type":"article","og_title":"Servizio analisi del microbioma, Analisi metagenomica e Sequenziamento DNA","og_description":"[vc_row unlock_row_content=&#8221;yes&#8221; row_height_percent=&#8221;50&#8243; back_color=&#8221;accent&#8221; back_image=&#8221;775&#8243; back_attachment=&#8221;scroll&#8221; back_position=&#8221;center center&#8221; kburns=&#8221;yes&#8221; overlay_color=&#8221;color-167537&#8243; overlay_alpha=&#8221;50&#8243; equal_height=&#8221;yes&#8221; gutter_size=&#8221;0&#8243; column_width_use_pixel=&#8221;yes&#8221; shift_y=&#8221;0&#8243; z_index=&#8221;0&#8243; row_name=&#8221;Welcome&#8221; uncode_shortcode_id=&#8221;428973&#8243; back_color_type=&#8221;uncode-palette&#8221; overlay_color_type=&#8221;uncode-palette&#8221;][vc_column [&hellip;]","og_url":"https:\/\/www.prebiomics.com\/it\/servizi-analisi-microbioma\/","og_site_name":"PreBiomics","article_modified_time":"2026-03-24T10:48:39+00:00","twitter_card":"summary_large_image","twitter_misc":{"Tempo di lettura stimato":"6 minuti"},"schema":{"@context":"https:\/\/schema.org","@graph":[{"@type":"WebPage","@id":"https:\/\/www.prebiomics.com\/it\/servizi-analisi-microbioma\/","url":"https:\/\/www.prebiomics.com\/it\/servizi-analisi-microbioma\/","name":"Servizio analisi del microbioma, Analisi metagenomica e Sequenziamento DNA","isPartOf":{"@id":"https:\/\/www.prebiomics.com\/#website"},"datePublished":"2023-11-21T10:11:28+00:00","dateModified":"2026-03-24T10:48:39+00:00","inLanguage":"it-IT","potentialAction":[{"@type":"ReadAction","target":["https:\/\/www.prebiomics.com\/it\/servizi-analisi-microbioma\/"]}]},{"@type":"WebSite","@id":"https:\/\/www.prebiomics.com\/#website","url":"https:\/\/www.prebiomics.com\/","name":"PreBiomics","description":"Personalized wellness strategies in clinical human microbiome field","potentialAction":[{"@type":"SearchAction","target":{"@type":"EntryPoint","urlTemplate":"https:\/\/www.prebiomics.com\/?s={search_term_string}"},"query-input":{"@type":"PropertyValueSpecification","valueRequired":true,"valueName":"search_term_string"}}],"inLanguage":"it-IT"}]}},"_links":{"self":[{"href":"https:\/\/www.prebiomics.com\/it\/wp-json\/wp\/v2\/pages\/1193","targetHints":{"allow":["GET"]}}],"collection":[{"href":"https:\/\/www.prebiomics.com\/it\/wp-json\/wp\/v2\/pages"}],"about":[{"href":"https:\/\/www.prebiomics.com\/it\/wp-json\/wp\/v2\/types\/page"}],"author":[{"embeddable":true,"href":"https:\/\/www.prebiomics.com\/it\/wp-json\/wp\/v2\/users\/1"}],"replies":[{"embeddable":true,"href":"https:\/\/www.prebiomics.com\/it\/wp-json\/wp\/v2\/comments?post=1193"}],"version-history":[{"count":10,"href":"https:\/\/www.prebiomics.com\/it\/wp-json\/wp\/v2\/pages\/1193\/revisions"}],"predecessor-version":[{"id":1635,"href":"https:\/\/www.prebiomics.com\/it\/wp-json\/wp\/v2\/pages\/1193\/revisions\/1635"}],"wp:attachment":[{"href":"https:\/\/www.prebiomics.com\/it\/wp-json\/wp\/v2\/media?parent=1193"}],"curies":[{"name":"wp","href":"https:\/\/api.w.org\/{rel}","templated":true}]}}